{"id":2158,"date":"2025-06-30T17:17:39","date_gmt":"2025-06-30T14:17:39","guid":{"rendered":"https:\/\/www.erwebtasarim.com\/rentacar\/?page_id=2158"},"modified":"2025-06-30T17:21:53","modified_gmt":"2025-06-30T14:21:53","slug":"demo-talep","status":"publish","type":"page","link":"https:\/\/www.erwebtasarim.com\/rentacar\/demo-talep\/","title":{"rendered":"Demo Talep"},"content":{"rendered":"\t\t<div data-elementor-type=\"wp-page\" data-elementor-id=\"2158\" class=\"elementor elementor-2158\">\n\t\t\t\t\t\t<section class=\"elementor-section elementor-top-section elementor-element elementor-element-966e585 elementor-section-full_width elementor-section-height-default elementor-section-height-default\" data-id=\"966e585\" data-element_type=\"section\" data-settings=\"{&quot;background_background&quot;:&quot;classic&quot;}\">\n\t\t\t\t\t\t<div class=\"elementor-container elementor-column-gap-no\">\n\t\t\t\t\t<div class=\"elementor-column elementor-col-100 elementor-top-column elementor-element elementor-element-86f0a2a\" data-id=\"86f0a2a\" data-element_type=\"column\">\n\t\t\t<div class=\"elementor-widget-wrap elementor-element-populated\">\n\t\t\t\t\t\t<div class=\"elementor-element elementor-element-5ba7246 elementor-widget elementor-widget-heading\" data-id=\"5ba7246\" data-element_type=\"widget\" data-widget_type=\"heading.default\">\n\t\t\t\t<div class=\"elementor-widget-container\">\n\t\t\t\t\t<h2 class=\"elementor-heading-title elementor-size-default\">Demo Talep Sayfas\u0131<\/h2>\t\t\t\t<\/div>\n\t\t\t\t<\/div>\n\t\t\t\t\t<\/div>\n\t\t<\/div>\n\t\t\t\t\t<\/div>\n\t\t<\/section>\n\t\t<div class=\"elementor-element elementor-element-5021cdd e-flex e-con-boxed e-con e-parent\" data-id=\"5021cdd\" data-element_type=\"container\">\n\t\t\t\t\t<div class=\"e-con-inner\">\n\t\t<div class=\"elementor-element elementor-element-36b0577 e-con-full e-flex e-con e-child\" data-id=\"36b0577\" data-element_type=\"container\">\n\t\t\t\t<div class=\"elementor-element elementor-element-e9fb717 elementor-widget elementor-widget-heading\" data-id=\"e9fb717\" data-element_type=\"widget\" data-widget_type=\"heading.default\">\n\t\t\t\t<div class=\"elementor-widget-container\">\n\t\t\t\t\t<h2 class=\"elementor-heading-title elementor-size-default\">Demo Talep Formu<\/h2>\t\t\t\t<\/div>\n\t\t\t\t<\/div>\n\t\t\t\t<div class=\"elementor-element elementor-element-7b9e570 elementor-widget elementor-widget-shortcode\" data-id=\"7b9e570\" data-element_type=\"widget\" data-widget_type=\"shortcode.default\">\n\t\t\t\t<div class=\"elementor-widget-container\">\n\t\t\t\t\t\t\t<div class=\"elementor-shortcode\"><div class=\"wpforms-container wpforms-container-full wpforms-render-modern\" id=\"wpforms-2135\"><form id=\"wpforms-form-2135\" class=\"wpforms-validate wpforms-form wpforms-ajax-form\" data-formid=\"2135\" method=\"post\" enctype=\"multipart\/form-data\" action=\"\/rentacar\/wp-json\/wp\/v2\/pages\/2158\" data-token=\"5022f43e0e6364e66bdfaa57b884b0c7\"><noscript class=\"wpforms-error-noscript\">Bu formu bitirebilmek i\u00e7in taray\u0131c\u0131n\u0131zda JavaScript&#039;i etkinle\u015ftirin.<\/noscript><div class=\"wpforms-hidden\" id=\"wpforms-error-noscript\">Bu formu bitirebilmek i\u00e7in taray\u0131c\u0131n\u0131zda JavaScript&#039;i etkinle\u015ftirin.<\/div><div class=\"wpforms-field-container\"><div id=\"wpforms-2135-field_3-container\" class=\"wpforms-field wpforms-field-text\" data-field-id=\"3\"><label class=\"wpforms-field-label\" for=\"wpforms-2135-field_3\">Ad-Soyad <span class=\"wpforms-required-label\" aria-hidden=\"true\">*<\/span><\/label><input type=\"text\" id=\"wpforms-2135-field_3\" class=\"wpforms-field-large wpforms-field-required\" name=\"wpforms[fields][3]\" aria-errormessage=\"wpforms-2135-field_3-error\" required><\/div><div id=\"wpforms-2135-field_1-container\" class=\"wpforms-field wpforms-field-email\" data-field-id=\"1\"><label class=\"wpforms-field-label\" for=\"wpforms-2135-field_1\">E-posta <span class=\"wpforms-required-label\" aria-hidden=\"true\">*<\/span><\/label><input type=\"email\" id=\"wpforms-2135-field_1\" class=\"wpforms-field-large wpforms-field-required\" name=\"wpforms[fields][1]\" spellcheck=\"false\" aria-errormessage=\"wpforms-2135-field_1-error\" required><\/div><div id=\"wpforms-2135-field_4-container\" class=\"wpforms-field wpforms-field-phone\" data-field-id=\"4\"><label class=\"wpforms-field-label\" for=\"wpforms-2135-field_4\">Telefon <span class=\"wpforms-required-label\" aria-hidden=\"true\">*<\/span><\/label><input type=\"tel\" id=\"wpforms-2135-field_4\" class=\"wpforms-field-large wpforms-field-required wpforms-smart-phone-field\" data-rule-smart-phone-field=\"true\" name=\"wpforms[fields][4]\" aria-errormessage=\"wpforms-2135-field_4-error\" required><\/div><div id=\"wpforms-2135-field_5-container\" class=\"wpforms-field wpforms-field-text\" data-field-id=\"5\"><label class=\"wpforms-field-label\" for=\"wpforms-2135-field_5\">Web Sayfan\u0131z (Varsa)<\/label><input type=\"text\" id=\"wpforms-2135-field_5\" class=\"wpforms-field-large\" name=\"wpforms[fields][5]\" aria-errormessage=\"wpforms-2135-field_5-error\" ><\/div><\/div><!-- .wpforms-field-container --><div class=\"wpforms-recaptcha-container wpforms-is-recaptcha\" ><div class=\"g-recaptcha\" data-sitekey=\"6Lf313IrAAAAALQHYo3vo2KFvs-072xua5ZVonCg\"><\/div><input type=\"text\" name=\"g-recaptcha-hidden\" class=\"wpforms-recaptcha-hidden\" style=\"position:absolute!important;clip:rect(0,0,0,0)!important;height:1px!important;width:1px!important;border:0!important;overflow:hidden!important;padding:0!important;margin:0!important;\" data-rule-recaptcha=\"1\"><\/div><div class=\"wpforms-submit-container\" ><input type=\"hidden\" name=\"wpforms[id]\" value=\"2135\"><input type=\"hidden\" name=\"wpforms[author]\" value=\"1\"><button type=\"submit\" name=\"wpforms[submit]\" id=\"wpforms-submit-2135\" class=\"wpforms-submit\" data-alt-text=\"G\u00f6nderiliyor...\" data-submit-text=\"G\u00f6nder\" aria-live=\"assertive\" value=\"wpforms-submit\">G\u00f6nder<\/button><img decoding=\"async\" src=\"https:\/\/www.erwebtasarim.com\/rentacar\/wp-content\/plugins\/wpforms\/assets\/images\/submit-spin.svg\" class=\"wpforms-submit-spinner\" style=\"display: none;\" width=\"26\" height=\"26\" alt=\"Y\u00fckleniyor\"><\/div><\/form><\/div>  <!-- .wpforms-container --><\/div>\n\t\t\t\t\t\t<\/div>\n\t\t\t\t<\/div>\n\t\t\t\t<\/div>\n\t\t<div class=\"elementor-element elementor-element-d2fbf3f e-con-full e-flex e-con e-child\" data-id=\"d2fbf3f\" data-element_type=\"container\">\n\t\t\t\t<div class=\"elementor-element elementor-element-ca7ad58 elementor-widget elementor-widget-image\" data-id=\"ca7ad58\" data-element_type=\"widget\" data-widget_type=\"image.default\">\n\t\t\t\t<div class=\"elementor-widget-container\">\n\t\t\t\t\t\t\t\t\t\t\t\t\t\t\t<img fetchpriority=\"high\" decoding=\"async\" width=\"640\" height=\"324\" src=\"https:\/\/www.erwebtasarim.com\/rentacar\/wp-content\/uploads\/2025\/06\/ozellikler1-1024x518.png\" class=\"attachment-large size-large wp-image-2068\" alt=\"\" srcset=\"https:\/\/www.erwebtasarim.com\/rentacar\/wp-content\/uploads\/2025\/06\/ozellikler1-1024x518.png 1024w, https:\/\/www.erwebtasarim.com\/rentacar\/wp-content\/uploads\/2025\/06\/ozellikler1-300x152.png 300w, https:\/\/www.erwebtasarim.com\/rentacar\/wp-content\/uploads\/2025\/06\/ozellikler1-768x388.png 768w, https:\/\/www.erwebtasarim.com\/rentacar\/wp-content\/uploads\/2025\/06\/ozellikler1-1536x777.png 1536w, https:\/\/www.erwebtasarim.com\/rentacar\/wp-content\/uploads\/2025\/06\/ozellikler1.png 1732w\" sizes=\"(max-width: 640px) 100vw, 640px\" \/>\t\t\t\t\t\t\t\t\t\t\t\t\t\t\t<\/div>\n\t\t\t\t<\/div>\n\t\t\t\t<\/div>\n\t\t\t\t\t<\/div>\n\t\t\t\t<\/div>\n\t\t\t\t<\/div>\n\t\t","protected":false},"excerpt":{"rendered":"<p>Demo Talep Sayfas\u0131 Demo Talep Formu<\/p>\n","protected":false},"author":1,"featured_media":0,"parent":0,"menu_order":0,"comment_status":"closed","ping_status":"closed","template":"elementor_header_footer","meta":{"footnotes":""},"class_list":["post-2158","page","type-page","status-publish","hentry"],"_links":{"self":[{"href":"https:\/\/www.erwebtasarim.com\/rentacar\/wp-json\/wp\/v2\/pages\/2158","targetHints":{"allow":["GET"]}}],"collection":[{"href":"https:\/\/www.erwebtasarim.com\/rentacar\/wp-json\/wp\/v2\/pages"}],"about":[{"href":"https:\/\/www.erwebtasarim.com\/rentacar\/wp-json\/wp\/v2\/types\/page"}],"author":[{"embeddable":true,"href":"https:\/\/www.erwebtasarim.com\/rentacar\/wp-json\/wp\/v2\/users\/1"}],"replies":[{"embeddable":true,"href":"https:\/\/www.erwebtasarim.com\/rentacar\/wp-json\/wp\/v2\/comments?post=2158"}],"version-history":[{"count":7,"href":"https:\/\/www.erwebtasarim.com\/rentacar\/wp-json\/wp\/v2\/pages\/2158\/revisions"}],"predecessor-version":[{"id":2167,"href":"https:\/\/www.erwebtasarim.com\/rentacar\/wp-json\/wp\/v2\/pages\/2158\/revisions\/2167"}],"wp:attachment":[{"href":"https:\/\/www.erwebtasarim.com\/rentacar\/wp-json\/wp\/v2\/media?parent=2158"}],"curies":[{"name":"wp","href":"https:\/\/api.w.org\/{rel}","templated":true}]}}