{"id":460,"date":"2022-02-24T06:27:30","date_gmt":"2022-02-24T06:27:30","guid":{"rendered":"http:\/\/wpdemo.smartsoftfirm.com\/quickspace\/?page_id=460"},"modified":"2026-01-26T19:49:09","modified_gmt":"2026-01-26T16:49:09","slug":"hakkimizda","status":"publish","type":"page","link":"https:\/\/www.erwebtasarim.com\/rentacar\/hakkimizda\/","title":{"rendered":"HAKKIMIZDA"},"content":{"rendered":"\t\t<div data-elementor-type=\"wp-page\" data-elementor-id=\"460\" class=\"elementor elementor-460\">\n\t\t\t\t\t\t<section class=\"elementor-section elementor-top-section elementor-element elementor-element-552081b elementor-section-full_width elementor-section-height-default elementor-section-height-default\" data-id=\"552081b\" data-element_type=\"section\" data-settings=\"{&quot;background_background&quot;:&quot;classic&quot;}\">\n\t\t\t\t\t\t<div class=\"elementor-container elementor-column-gap-no\">\n\t\t\t\t\t<div class=\"elementor-column elementor-col-100 elementor-top-column elementor-element elementor-element-e5b668d\" data-id=\"e5b668d\" data-element_type=\"column\">\n\t\t\t<div class=\"elementor-widget-wrap elementor-element-populated\">\n\t\t\t\t\t\t<section class=\"elementor-section elementor-inner-section elementor-element elementor-element-6d30713 elementor-section-boxed elementor-section-height-default elementor-section-height-default\" data-id=\"6d30713\" data-element_type=\"section\">\n\t\t\t\t\t\t<div class=\"elementor-container elementor-column-gap-default\">\n\t\t\t\t\t<div class=\"elementor-column elementor-col-50 elementor-inner-column elementor-element elementor-element-ebfa6b2\" data-id=\"ebfa6b2\" data-element_type=\"column\">\n\t\t\t<div class=\"elementor-widget-wrap elementor-element-populated\">\n\t\t\t\t\t\t<div class=\"elementor-element elementor-element-7233fa1 elementor-widget__width-initial elementor-widget elementor-widget-image\" data-id=\"7233fa1\" data-element_type=\"widget\" data-widget_type=\"image.default\">\n\t\t\t\t<div class=\"elementor-widget-container\">\n\t\t\t\t\t\t\t\t\t\t\t\t\t\t\t<img decoding=\"async\" width=\"286\" height=\"132\" src=\"https:\/\/www.erwebtasarim.com\/rentacar\/wp-content\/uploads\/2025\/10\/yeni-logo-1.png.webp\" class=\"attachment-full size-full wp-image-2179\" alt=\"\" \/>\t\t\t\t\t\t\t\t\t\t\t\t\t\t\t<\/div>\n\t\t\t\t<\/div>\n\t\t\t\t<div class=\"elementor-element elementor-element-b31ec26 elementor-widget elementor-widget-text-editor\" data-id=\"b31ec26\" data-element_type=\"widget\" data-widget_type=\"text-editor.default\">\n\t\t\t\t<div class=\"elementor-widget-container\">\n\t\t\t\t\t\t\t\t\t<h3 data-start=\"1807\" data-end=\"1858\">ER Web Tasar\u0131m Rent a Car Yaz\u0131l\u0131m Avantajlar\u0131<\/h3><ul data-start=\"1860\" data-end=\"2225\"><li data-start=\"1860\" data-end=\"1935\"><p data-start=\"1862\" data-end=\"1935\"><strong data-start=\"1862\" data-end=\"1884\">%100 \u00d6zg\u00fcn Tasar\u0131m<\/strong> \u2013 Ara\u00e7 kiralama firman\u0131za \u00f6zel aray\u00fcz ve yaz\u0131l\u0131m<\/p><\/li><li data-start=\"1936\" data-end=\"1992\"><p data-start=\"1938\" data-end=\"1992\"><strong data-start=\"1938\" data-end=\"1956\">G\u00fcvenli Hizmet<\/strong> \u2013 G\u00fc\u00e7l\u00fc altyap\u0131 ve veri g\u00fcvenli\u011fi<\/p><\/li><li data-start=\"1993\" data-end=\"2051\"><p data-start=\"1995\" data-end=\"2051\"><strong data-start=\"1995\" data-end=\"2020\">Her A\u015famada Raporlama<\/strong> \u2013 Rezervasyon ve filo takibi<\/p><\/li><li data-start=\"2052\" data-end=\"2095\"><p data-start=\"2054\" data-end=\"2095\"><strong data-start=\"2054\" data-end=\"2093\">M\u00fc\u015fteri Memnuniyeti Odakl\u0131 \u00c7\u00f6z\u00fcmler<\/strong><\/p><\/li><li data-start=\"2096\" data-end=\"2158\"><p data-start=\"2098\" data-end=\"2158\"><strong data-start=\"2098\" data-end=\"2117\">\u00d6deme G\u00fcvenli\u011fi<\/strong> \u2013 G\u00fcvenli online \u00f6deme entegrasyonlar\u0131<\/p><\/li><li data-start=\"2159\" data-end=\"2225\"><p data-start=\"2161\" data-end=\"2225\"><strong data-start=\"2161\" data-end=\"2199\">SEO \u00c7al\u0131\u015fmas\u0131 &amp; \u0130lerleme Garantisi<\/strong> \u2013 Google uyumlu altyap\u0131<\/p><\/li><\/ul>\t\t\t\t\t\t\t\t<\/div>\n\t\t\t\t<\/div>\n\t\t\t\t\t<\/div>\n\t\t<\/div>\n\t\t\t\t<div class=\"elementor-column elementor-col-50 elementor-inner-column elementor-element elementor-element-565ec12\" data-id=\"565ec12\" data-element_type=\"column\">\n\t\t\t<div class=\"elementor-widget-wrap elementor-element-populated\">\n\t\t\t\t\t\t<div class=\"elementor-element elementor-element-7a6d8c0 elementor-widget elementor-widget-heading\" data-id=\"7a6d8c0\" data-element_type=\"widget\" data-widget_type=\"heading.default\">\n\t\t\t\t<div class=\"elementor-widget-container\">\n\t\t\t\t\t<h2 class=\"elementor-heading-title elementor-size-default\">Hakk\u0131m\u0131zda<\/h2>\t\t\t\t<\/div>\n\t\t\t\t<\/div>\n\t\t\t\t<div class=\"elementor-element elementor-element-8179b9d elementor-widget elementor-widget-text-editor\" data-id=\"8179b9d\" data-element_type=\"widget\" data-widget_type=\"text-editor.default\">\n\t\t\t\t<div class=\"elementor-widget-container\">\n\t\t\t\t\t\t\t\t\t<h2 data-start=\"250\" data-end=\"326\">\ud83d\ude97 ER Web Tasar\u0131m ile Profesyonel Rent a Car ve Ara\u00e7 Kiralama Yaz\u0131l\u0131mlar\u0131<\/h2><p data-start=\"328\" data-end=\"686\"><strong data-start=\"328\" data-end=\"346\">ER Web Tasar\u0131m<\/strong> olarak, 15 y\u0131l\u0131 a\u015fk\u0131n s\u00fcredir web yaz\u0131l\u0131m, web tasar\u0131m, grafik tasar\u0131m ve programlama alanlar\u0131nda edindi\u011fimiz tecr\u00fcbe ile <strong data-start=\"469\" data-end=\"535\">rent a car ve ara\u00e7 kiralama firmalar\u0131na \u00f6zel yaz\u0131l\u0131m \u00e7\u00f6z\u00fcmleri<\/strong> sunmaktay\u0131z. Haz\u0131r \u015fablon sistemler yerine, i\u015fletmenizin ihtiya\u00e7lar\u0131na g\u00f6re <strong data-start=\"612\" data-end=\"670\">tamamen size \u00f6zel ara\u00e7 kiralama yaz\u0131l\u0131m\u0131 ve web sitesi<\/strong> geli\u015ftiriyoruz.<\/p><p data-start=\"688\" data-end=\"1002\">Firmam\u0131z, rent a car sekt\u00f6r\u00fcne y\u00f6nelik <strong data-start=\"727\" data-end=\"792\">modern, yenilik\u00e7i ve \u00f6l\u00e7eklenebilir ara\u00e7 kiralama yaz\u0131l\u0131mlar\u0131<\/strong> \u00fcretmektedir. G\u00fcnl\u00fck, haftal\u0131k ve ayl\u0131k ara\u00e7 kiralama i\u015flemlerini kolayla\u015ft\u0131ran, rezervasyon ve filo y\u00f6netimini tek panelden kontrol etmenizi sa\u011flayan sistemler ile i\u015fletmenizin operasyonel y\u00fck\u00fcn\u00fc azalt\u0131yoruz.<\/p><p data-start=\"1004\" data-end=\"1331\"><strong data-start=\"1004\" data-end=\"1022\">ER Web Tasar\u0131m<\/strong>, m\u00fc\u015fteri odakl\u0131 yakla\u015f\u0131m\u0131yla hem kurumsal hem de bireysel ara\u00e7 kiralama firmalar\u0131na dijital d\u00fcnyada g\u00fc\u00e7l\u00fc bir altyap\u0131 kazand\u0131r\u0131r. Kullan\u0131c\u0131 dostu aray\u00fczler, mobil uyumlu tasar\u0131mlar ve geli\u015fmi\u015f yaz\u0131l\u0131m altyap\u0131lar\u0131 sayesinde m\u00fc\u015fterileriniz ara\u00e7 kiralama i\u015flemlerini h\u0131zl\u0131 ve g\u00fcvenli \u015fekilde ger\u00e7ekle\u015ftirebilir.<\/p><p data-start=\"1333\" data-end=\"1639\">Geli\u015ftirdi\u011fimiz <strong data-start=\"1349\" data-end=\"1375\">ara\u00e7 kiralama yaz\u0131l\u0131m\u0131<\/strong>, online rezervasyon, \u00f6deme entegrasyonu, ara\u00e7 ve fiyat y\u00f6netimi, m\u00fc\u015fteri takibi ve raporlama gibi t\u00fcm ihtiya\u00e7lar\u0131 kapsayacak \u015fekilde tasarlanmaktad\u0131r. SEO uyumlu altyap\u0131 sayesinde rent a car web sitenizin arama motorlar\u0131nda daha g\u00f6r\u00fcn\u00fcr olmas\u0131na katk\u0131 sa\u011fl\u0131yoruz.<\/p><p data-start=\"1641\" data-end=\"1800\">Kaliteli hizmet anlay\u0131\u015f\u0131, g\u00fcvenilir i\u015f ortakl\u0131\u011f\u0131 ve s\u00fcrd\u00fcr\u00fclebilir projeler ile <strong data-start=\"1721\" data-end=\"1767\">rent a car sekt\u00f6r\u00fcnde dijital d\u00f6n\u00fc\u015f\u00fcm\u00fcn\u00fcz\u00fc<\/strong> profesyonel \u015fekilde y\u00f6netiyoruz.<\/p><p data-start=\"1641\" data-end=\"1800\">\u00a0<\/p>\t\t\t\t\t\t\t\t<\/div>\n\t\t\t\t<\/div>\n\t\t\t\t<div class=\"elementor-element elementor-element-41c83d1 elementor-absolute elementor-widget elementor-widget-html\" data-id=\"41c83d1\" data-element_type=\"widget\" data-settings=\"{&quot;_position&quot;:&quot;absolute&quot;}\" data-widget_type=\"html.default\">\n\t\t\t\t<div class=\"elementor-widget-container\">\n\t\t\t\t\t<div class=\"h-boble two-1\"><\/div>\n<style>\n    .h-boble.two-1 {\n    background: #FFDAF0;\n    top: 60%;\n    left: 40%;\n    -webkit-transform: translateY(-50%);\n    -ms-transform: translateY(-50%);\n    transform: translateY(-50%);\n    -webkit-animation: spin1 2s infinite alternate;\n    animation: zoom-in-zoom-out 2s ease-out infinite;\n    width: 10px;\n    height: 10px;\n    border-radius: 30px;\n}\n<\/style>\t\t\t\t<\/div>\n\t\t\t\t<\/div>\n\t\t\t\t\t<\/div>\n\t\t<\/div>\n\t\t\t\t\t<\/div>\n\t\t<\/section>\n\t\t\t\t\t<\/div>\n\t\t<\/div>\n\t\t\t\t\t<\/div>\n\t\t<\/section>\n\t\t\t\t<\/div>\n\t\t","protected":false},"excerpt":{"rendered":"<p>ER Web Tasar\u0131m Rent a Car Yaz\u0131l\u0131m Avantajlar\u0131 %100 \u00d6zg\u00fcn Tasar\u0131m \u2013 Ara\u00e7 kiralama firman\u0131za \u00f6zel aray\u00fcz ve yaz\u0131l\u0131m G\u00fcvenli Hizmet \u2013 G\u00fc\u00e7l\u00fc altyap\u0131 ve veri g\u00fcvenli\u011fi Her A\u015famada Raporlama \u2013 Rezervasyon ve filo takibi M\u00fc\u015fteri Memnuniyeti Odakl\u0131 \u00c7\u00f6z\u00fcmler \u00d6deme G\u00fcvenli\u011fi \u2013 G\u00fcvenli online \u00f6deme entegrasyonlar\u0131 SEO \u00c7al\u0131\u015fmas\u0131 &amp; \u0130lerleme Garantisi \u2013 Google uyumlu altyap\u0131 [&hellip;]<\/p>\n","protected":false},"author":1,"featured_media":0,"parent":0,"menu_order":0,"comment_status":"closed","ping_status":"closed","template":"elementor_header_footer","meta":{"footnotes":""},"class_list":["post-460","page","type-page","status-publish","hentry"],"_links":{"self":[{"href":"https:\/\/www.erwebtasarim.com\/rentacar\/wp-json\/wp\/v2\/pages\/460","targetHints":{"allow":["GET"]}}],"collection":[{"href":"https:\/\/www.erwebtasarim.com\/rentacar\/wp-json\/wp\/v2\/pages"}],"about":[{"href":"https:\/\/www.erwebtasarim.com\/rentacar\/wp-json\/wp\/v2\/types\/page"}],"author":[{"embeddable":true,"href":"https:\/\/www.erwebtasarim.com\/rentacar\/wp-json\/wp\/v2\/users\/1"}],"replies":[{"embeddable":true,"href":"https:\/\/www.erwebtasarim.com\/rentacar\/wp-json\/wp\/v2\/comments?post=460"}],"version-history":[{"count":26,"href":"https:\/\/www.erwebtasarim.com\/rentacar\/wp-json\/wp\/v2\/pages\/460\/revisions"}],"predecessor-version":[{"id":2198,"href":"https:\/\/www.erwebtasarim.com\/rentacar\/wp-json\/wp\/v2\/pages\/460\/revisions\/2198"}],"wp:attachment":[{"href":"https:\/\/www.erwebtasarim.com\/rentacar\/wp-json\/wp\/v2\/media?parent=460"}],"curies":[{"name":"wp","href":"https:\/\/api.w.org\/{rel}","templated":true}]}}